{"id":1792,"date":"2026-01-27T18:51:17","date_gmt":"2026-01-27T17:51:17","guid":{"rendered":"https:\/\/lidag.ivanhiracheta.com\/?post_type=product&#038;p=1792"},"modified":"2026-01-27T19:29:52","modified_gmt":"2026-01-27T18:29:52","slug":"afider","status":"publish","type":"product","link":"https:\/\/lidag.ivanhiracheta.com\/en\/product\/afider\/","title":{"rendered":"AFIDER\u00ae"},"content":{"rendered":"<p class=\"cvGsUA direction-ltr align-justify para-style-body\"><span class=\"a_GcMg font-feature-liga-off font-feature-clig-off font-feature-calt-off text-decoration-none text-strikethrough-none\">Insecticida bot\u00e1nico \u2013 Jardiner\u00eda ecol\u00f3gica<\/span><\/p>\n<p class=\"cvGsUA direction-ltr align-justify para-style-body\"><span class=\"a_GcMg font-feature-liga-off font-feature-clig-off font-feature-calt-off text-decoration-none text-strikethrough-none\">Controla ninfas y adultos de \u00e1fidos al interferir en la eclosi\u00f3n de huevecillos, generar repelencia, alterar la estructura cuticular y afectar los procesos de alimentaci\u00f3n y reproducci\u00f3n, provocando la disminuci\u00f3n y dispersi\u00f3n de la poblaci\u00f3n.<\/span><\/p>","protected":false},"excerpt":{"rendered":"<p>Insecticida bot\u00e1nico \u2013 Jardiner\u00eda ecol\u00f3gica Controla ninfas y adultos de \u00e1fidos al interferir en la eclosi\u00f3n de huevecillos, generar repelencia, alterar la estructura cuticular y afectar los procesos de alimentaci\u00f3n y reproducci\u00f3n, provocando la disminuci\u00f3n y dispersi\u00f3n de la poblaci\u00f3n.<\/p>","protected":false},"featured_media":1807,"comment_status":"open","ping_status":"closed","template":"","meta":[],"product_cat":[39],"product_tag":[],"class_list":{"0":"post-1792","1":"product","2":"type-product","3":"status-publish","4":"has-post-thumbnail","6":"product_cat-jardineria-ecorracional","8":"first","9":"instock","10":"shipping-taxable","11":"purchasable","12":"product-type-simple"},"_links":{"self":[{"href":"https:\/\/lidag.ivanhiracheta.com\/en\/wp-json\/wp\/v2\/product\/1792"}],"collection":[{"href":"https:\/\/lidag.ivanhiracheta.com\/en\/wp-json\/wp\/v2\/product"}],"about":[{"href":"https:\/\/lidag.ivanhiracheta.com\/en\/wp-json\/wp\/v2\/types\/product"}],"replies":[{"embeddable":true,"href":"https:\/\/lidag.ivanhiracheta.com\/en\/wp-json\/wp\/v2\/comments?post=1792"}],"wp:featuredmedia":[{"embeddable":true,"href":"https:\/\/lidag.ivanhiracheta.com\/en\/wp-json\/wp\/v2\/media\/1807"}],"wp:attachment":[{"href":"https:\/\/lidag.ivanhiracheta.com\/en\/wp-json\/wp\/v2\/media?parent=1792"}],"wp:term":[{"taxonomy":"product_cat","embeddable":true,"href":"https:\/\/lidag.ivanhiracheta.com\/en\/wp-json\/wp\/v2\/product_cat?post=1792"},{"taxonomy":"product_tag","embeddable":true,"href":"https:\/\/lidag.ivanhiracheta.com\/en\/wp-json\/wp\/v2\/product_tag?post=1792"}],"curies":[{"name":"wp","href":"https:\/\/api.w.org\/{rel}","templated":true}]}}