{"id":1791,"date":"2026-01-27T18:46:17","date_gmt":"2026-01-27T17:46:17","guid":{"rendered":"https:\/\/lidag.ivanhiracheta.com\/?post_type=product&#038;p=1791"},"modified":"2026-01-27T19:29:38","modified_gmt":"2026-01-27T18:29:38","slug":"podalid-2","status":"publish","type":"product","link":"https:\/\/lidag.ivanhiracheta.com\/en\/product\/podalid-2\/","title":{"rendered":"PODALID\u00ae"},"content":{"rendered":"<p class=\"cvGsUA direction-ltr align-end para-style-body\"><span class=\"a_GcMg font-feature-liga-off font-feature-clig-off font-feature-calt-off text-decoration-none text-strikethrough-none\">Sellador y regenerador vegetal<\/span><\/p>\n<p class=\"cvGsUA direction-ltr align-justify para-style-body\"><span class=\"a_GcMg font-feature-liga-off font-feature-clig-off font-feature-calt-off text-decoration-none text-strikethrough-none\">Act\u00faa como sellador de heridas vegetales, regenerando la pared celular de los tejidos da\u00f1ados. Evita la entrada de pat\u00f3genos e insectos plaga, reduce la intemperizaci\u00f3n y acelera la formaci\u00f3n de callo cicatricial.<\/span><\/p>","protected":false},"excerpt":{"rendered":"<p>Sellador y regenerador vegetal Act\u00faa como sellador de heridas vegetales, regenerando la pared celular de los tejidos da\u00f1ados. Evita la entrada de pat\u00f3genos e insectos plaga, reduce la intemperizaci\u00f3n y acelera la formaci\u00f3n de callo cicatricial.<\/p>","protected":false},"featured_media":1808,"comment_status":"open","ping_status":"closed","template":"","meta":[],"product_cat":[38],"product_tag":[],"class_list":{"0":"post-1791","1":"product","2":"type-product","3":"status-publish","4":"has-post-thumbnail","6":"product_cat-jardineria","8":"first","9":"instock","10":"shipping-taxable","11":"purchasable","12":"product-type-simple"},"_links":{"self":[{"href":"https:\/\/lidag.ivanhiracheta.com\/en\/wp-json\/wp\/v2\/product\/1791"}],"collection":[{"href":"https:\/\/lidag.ivanhiracheta.com\/en\/wp-json\/wp\/v2\/product"}],"about":[{"href":"https:\/\/lidag.ivanhiracheta.com\/en\/wp-json\/wp\/v2\/types\/product"}],"replies":[{"embeddable":true,"href":"https:\/\/lidag.ivanhiracheta.com\/en\/wp-json\/wp\/v2\/comments?post=1791"}],"wp:featuredmedia":[{"embeddable":true,"href":"https:\/\/lidag.ivanhiracheta.com\/en\/wp-json\/wp\/v2\/media\/1808"}],"wp:attachment":[{"href":"https:\/\/lidag.ivanhiracheta.com\/en\/wp-json\/wp\/v2\/media?parent=1791"}],"wp:term":[{"taxonomy":"product_cat","embeddable":true,"href":"https:\/\/lidag.ivanhiracheta.com\/en\/wp-json\/wp\/v2\/product_cat?post=1791"},{"taxonomy":"product_tag","embeddable":true,"href":"https:\/\/lidag.ivanhiracheta.com\/en\/wp-json\/wp\/v2\/product_tag?post=1791"}],"curies":[{"name":"wp","href":"https:\/\/api.w.org\/{rel}","templated":true}]}}