{"id":1790,"date":"2026-01-27T18:34:06","date_gmt":"2026-01-27T17:34:06","guid":{"rendered":"https:\/\/lidag.ivanhiracheta.com\/?post_type=product&#038;p=1790"},"modified":"2026-01-27T19:29:24","modified_gmt":"2026-01-27T18:29:24","slug":"vitalid","status":"publish","type":"product","link":"https:\/\/lidag.ivanhiracheta.com\/en\/product\/vitalid\/","title":{"rendered":"VITALID\u00ae"},"content":{"rendered":"<p class=\"cvGsUA direction-ltr align-justify para-style-body\"><span class=\"a_GcMg font-feature-liga-off font-feature-clig-off font-feature-calt-off text-decoration-none text-strikethrough-none\">Fertilizante \u00f3rgano-mineral<\/span><\/p>\n<p class=\"cvGsUA direction-ltr align-justify para-style-body\"><span class=\"a_GcMg font-feature-liga-off font-feature-clig-off font-feature-calt-off text-decoration-none text-strikethrough-none\">Aporta macroelementos, elementos secundarios y micronutrientes para cultivos sometidos a estr\u00e9s por trasplante, infecciones fitopatol\u00f3gicas, plagas o fitotoxicidad leve.<\/span><\/p>\n<p class=\"cvGsUA direction-ltr align-justify para-style-body\"><span class=\"a_GcMg font-feature-liga-off font-feature-clig-off font-feature-calt-off text-decoration-none text-strikethrough-none\">Sus nutrientes en forma i\u00f3nica se absorben por las raicillas y se transportan v\u00eda xilema hacia los \u00f3rganos a\u00e9reos.<\/span><\/p>","protected":false},"excerpt":{"rendered":"<p>Fertilizante \u00f3rgano-mineral Aporta macroelementos, elementos secundarios y micronutrientes para cultivos sometidos a estr\u00e9s por trasplante, infecciones fitopatol\u00f3gicas, plagas o fitotoxicidad leve. Sus nutrientes en forma i\u00f3nica se absorben por las raicillas y se transportan v\u00eda xilema hacia los \u00f3rganos a\u00e9reos.<\/p>","protected":false},"featured_media":1807,"comment_status":"open","ping_status":"closed","template":"","meta":[],"product_cat":[38],"product_tag":[],"class_list":{"0":"post-1790","1":"product","2":"type-product","3":"status-publish","4":"has-post-thumbnail","6":"product_cat-jardineria","8":"first","9":"instock","10":"shipping-taxable","11":"purchasable","12":"product-type-simple"},"_links":{"self":[{"href":"https:\/\/lidag.ivanhiracheta.com\/en\/wp-json\/wp\/v2\/product\/1790"}],"collection":[{"href":"https:\/\/lidag.ivanhiracheta.com\/en\/wp-json\/wp\/v2\/product"}],"about":[{"href":"https:\/\/lidag.ivanhiracheta.com\/en\/wp-json\/wp\/v2\/types\/product"}],"replies":[{"embeddable":true,"href":"https:\/\/lidag.ivanhiracheta.com\/en\/wp-json\/wp\/v2\/comments?post=1790"}],"wp:featuredmedia":[{"embeddable":true,"href":"https:\/\/lidag.ivanhiracheta.com\/en\/wp-json\/wp\/v2\/media\/1807"}],"wp:attachment":[{"href":"https:\/\/lidag.ivanhiracheta.com\/en\/wp-json\/wp\/v2\/media?parent=1790"}],"wp:term":[{"taxonomy":"product_cat","embeddable":true,"href":"https:\/\/lidag.ivanhiracheta.com\/en\/wp-json\/wp\/v2\/product_cat?post=1790"},{"taxonomy":"product_tag","embeddable":true,"href":"https:\/\/lidag.ivanhiracheta.com\/en\/wp-json\/wp\/v2\/product_tag?post=1790"}],"curies":[{"name":"wp","href":"https:\/\/api.w.org\/{rel}","templated":true}]}}