{"id":1789,"date":"2026-01-27T18:24:28","date_gmt":"2026-01-27T17:24:28","guid":{"rendered":"https:\/\/lidag.ivanhiracheta.com\/?post_type=product&#038;p=1789"},"modified":"2026-01-27T19:29:05","modified_gmt":"2026-01-27T18:29:05","slug":"superplant","status":"publish","type":"product","link":"https:\/\/lidag.ivanhiracheta.com\/en\/product\/superplant\/","title":{"rendered":"SUPERPLANT\u00ae"},"content":{"rendered":"<p class=\"cvGsUA direction-ltr align-justify para-style-body\"><span class=\"a_GcMg font-feature-liga-off font-feature-clig-off font-feature-calt-off text-decoration-none text-strikethrough-none\">Bioestimulante nutricional<\/span><\/p>\n<p class=\"cvGsUA direction-ltr align-justify para-style-body\"><span class=\"a_GcMg font-feature-liga-off font-feature-clig-off font-feature-calt-off text-decoration-none text-strikethrough-none\">Los nutrientes de SUPERPLANT\u00ae se absorben a trav\u00e9s de c\u00e9lulas epid\u00e9rmicas y ectodermos, alcanzando el plasmalema para una absorci\u00f3n activa, similar a la radicular.<\/span><\/p>\n<p class=\"cvGsUA direction-ltr align-justify para-style-body\"><span class=\"a_GcMg font-feature-liga-off font-feature-clig-off font-feature-calt-off text-decoration-none text-strikethrough-none\">Posteriormente se transforman en metabolitos funcionales que se movilizan hacia zonas de alta demanda, promoviendo crecimiento, vigor y rendimiento.<\/span><\/p>","protected":false},"excerpt":{"rendered":"<p>Bioestimulante nutricional Los nutrientes de SUPERPLANT\u00ae se absorben a trav\u00e9s de c\u00e9lulas epid\u00e9rmicas y ectodermos, alcanzando el plasmalema para una absorci\u00f3n activa, similar a la radicular. Posteriormente se transforman en metabolitos funcionales que se movilizan hacia zonas de alta demanda, promoviendo crecimiento, vigor y rendimiento.<\/p>","protected":false},"featured_media":1804,"comment_status":"open","ping_status":"closed","template":"","meta":[],"product_cat":[38],"product_tag":[],"class_list":{"0":"post-1789","1":"product","2":"type-product","3":"status-publish","4":"has-post-thumbnail","6":"product_cat-jardineria","8":"first","9":"instock","10":"shipping-taxable","11":"purchasable","12":"product-type-simple"},"_links":{"self":[{"href":"https:\/\/lidag.ivanhiracheta.com\/en\/wp-json\/wp\/v2\/product\/1789"}],"collection":[{"href":"https:\/\/lidag.ivanhiracheta.com\/en\/wp-json\/wp\/v2\/product"}],"about":[{"href":"https:\/\/lidag.ivanhiracheta.com\/en\/wp-json\/wp\/v2\/types\/product"}],"replies":[{"embeddable":true,"href":"https:\/\/lidag.ivanhiracheta.com\/en\/wp-json\/wp\/v2\/comments?post=1789"}],"wp:featuredmedia":[{"embeddable":true,"href":"https:\/\/lidag.ivanhiracheta.com\/en\/wp-json\/wp\/v2\/media\/1804"}],"wp:attachment":[{"href":"https:\/\/lidag.ivanhiracheta.com\/en\/wp-json\/wp\/v2\/media?parent=1789"}],"wp:term":[{"taxonomy":"product_cat","embeddable":true,"href":"https:\/\/lidag.ivanhiracheta.com\/en\/wp-json\/wp\/v2\/product_cat?post=1789"},{"taxonomy":"product_tag","embeddable":true,"href":"https:\/\/lidag.ivanhiracheta.com\/en\/wp-json\/wp\/v2\/product_tag?post=1789"}],"curies":[{"name":"wp","href":"https:\/\/api.w.org\/{rel}","templated":true}]}}