{"id":1788,"date":"2026-01-27T18:13:25","date_gmt":"2026-01-27T17:13:25","guid":{"rendered":"https:\/\/lidag.ivanhiracheta.com\/?post_type=product&#038;p=1788"},"modified":"2026-01-27T19:28:50","modified_gmt":"2026-01-27T18:28:50","slug":"fungilid-12-5","status":"publish","type":"product","link":"https:\/\/lidag.ivanhiracheta.com\/en\/product\/fungilid-12-5\/","title":{"rendered":"FUNGILID 12.5\u00ae"},"content":{"rendered":"<p class=\"cvGsUA direction-ltr align-end para-style-body\"><span class=\"a_GcMg font-feature-liga-off font-feature-clig-off font-feature-calt-off text-decoration-none text-strikethrough-none\">Fungicida de acci\u00f3n directa<\/span><\/p>\n<p class=\"cvGsUA direction-ltr align-justify para-style-body\"><span class=\"a_GcMg font-feature-liga-off font-feature-clig-off font-feature-calt-off text-decoration-none text-strikethrough-none\">Act\u00faa por plasm\u00f3lisis del micelio, inactivaci\u00f3n de esporas e inhibici\u00f3n del protoplasma y de la s\u00edntesis de ADN de los fitopat\u00f3genos, deteniendo su desarrollo y capacidad infectiva.<\/span><\/p>","protected":false},"excerpt":{"rendered":"<p>Fungicida de acci\u00f3n directa Act\u00faa por plasm\u00f3lisis del micelio, inactivaci\u00f3n de esporas e inhibici\u00f3n del protoplasma y de la s\u00edntesis de ADN de los fitopat\u00f3genos, deteniendo su desarrollo y capacidad infectiva.<\/p>","protected":false},"featured_media":1806,"comment_status":"open","ping_status":"closed","template":"","meta":[],"product_cat":[38],"product_tag":[],"class_list":{"0":"post-1788","1":"product","2":"type-product","3":"status-publish","4":"has-post-thumbnail","6":"product_cat-jardineria","8":"first","9":"instock","10":"shipping-taxable","11":"purchasable","12":"product-type-simple"},"_links":{"self":[{"href":"https:\/\/lidag.ivanhiracheta.com\/en\/wp-json\/wp\/v2\/product\/1788"}],"collection":[{"href":"https:\/\/lidag.ivanhiracheta.com\/en\/wp-json\/wp\/v2\/product"}],"about":[{"href":"https:\/\/lidag.ivanhiracheta.com\/en\/wp-json\/wp\/v2\/types\/product"}],"replies":[{"embeddable":true,"href":"https:\/\/lidag.ivanhiracheta.com\/en\/wp-json\/wp\/v2\/comments?post=1788"}],"wp:featuredmedia":[{"embeddable":true,"href":"https:\/\/lidag.ivanhiracheta.com\/en\/wp-json\/wp\/v2\/media\/1806"}],"wp:attachment":[{"href":"https:\/\/lidag.ivanhiracheta.com\/en\/wp-json\/wp\/v2\/media?parent=1788"}],"wp:term":[{"taxonomy":"product_cat","embeddable":true,"href":"https:\/\/lidag.ivanhiracheta.com\/en\/wp-json\/wp\/v2\/product_cat?post=1788"},{"taxonomy":"product_tag","embeddable":true,"href":"https:\/\/lidag.ivanhiracheta.com\/en\/wp-json\/wp\/v2\/product_tag?post=1788"}],"curies":[{"name":"wp","href":"https:\/\/api.w.org\/{rel}","templated":true}]}}