{"id":1786,"date":"2026-01-27T18:11:30","date_gmt":"2026-01-27T17:11:30","guid":{"rendered":"https:\/\/lidag.ivanhiracheta.com\/?post_type=product&#038;p=1786"},"modified":"2026-01-27T19:28:22","modified_gmt":"2026-01-27T18:28:22","slug":"adhelid-bio","status":"publish","type":"product","link":"https:\/\/lidag.ivanhiracheta.com\/en\/product\/adhelid-bio\/","title":{"rendered":"ADHELID BIO\u00ae"},"content":{"rendered":"<p class=\"cvGsUA direction-ltr align-start para-style-body\"><span class=\"a_GcMg font-feature-liga-off font-feature-clig-off font-feature-calt-off text-decoration-none text-strikethrough-none\">Coadyuvante \u2013 Humectante \u2013 Adherente.<\/span><\/p>\n<p class=\"cvGsUA direction-ltr align-justify para-style-body\"><span class=\"a_GcMg font-feature-liga-off font-feature-clig-off font-feature-calt-off text-decoration-none text-strikethrough-none\">Reduce la tensi\u00f3n superficial de las soluciones en mezcla con agroqu\u00edmicos, optimizando la aspersi\u00f3n, humectaci\u00f3n y adherencia sobre la superficie vegetal. Mejora la distribuci\u00f3n del caldo y potencia la adsorci\u00f3n de los ingredientes activos, incrementando su eficacia biol\u00f3gica.<\/span><\/p>","protected":false},"excerpt":{"rendered":"<p>Coadyuvante \u2013 Humectante \u2013 Adherente. Reduce la tensi\u00f3n superficial de las soluciones en mezcla con agroqu\u00edmicos, optimizando la aspersi\u00f3n, humectaci\u00f3n y adherencia sobre la superficie vegetal. Mejora la distribuci\u00f3n del caldo y potencia la adsorci\u00f3n de los ingredientes activos, incrementando su eficacia biol\u00f3gica.<\/p>","protected":false},"featured_media":1809,"comment_status":"open","ping_status":"closed","template":"","meta":[],"product_cat":[38],"product_tag":[],"class_list":{"0":"post-1786","1":"product","2":"type-product","3":"status-publish","4":"has-post-thumbnail","6":"product_cat-jardineria","8":"first","9":"instock","10":"shipping-taxable","11":"purchasable","12":"product-type-simple"},"_links":{"self":[{"href":"https:\/\/lidag.ivanhiracheta.com\/en\/wp-json\/wp\/v2\/product\/1786"}],"collection":[{"href":"https:\/\/lidag.ivanhiracheta.com\/en\/wp-json\/wp\/v2\/product"}],"about":[{"href":"https:\/\/lidag.ivanhiracheta.com\/en\/wp-json\/wp\/v2\/types\/product"}],"replies":[{"embeddable":true,"href":"https:\/\/lidag.ivanhiracheta.com\/en\/wp-json\/wp\/v2\/comments?post=1786"}],"wp:featuredmedia":[{"embeddable":true,"href":"https:\/\/lidag.ivanhiracheta.com\/en\/wp-json\/wp\/v2\/media\/1809"}],"wp:attachment":[{"href":"https:\/\/lidag.ivanhiracheta.com\/en\/wp-json\/wp\/v2\/media?parent=1786"}],"wp:term":[{"taxonomy":"product_cat","embeddable":true,"href":"https:\/\/lidag.ivanhiracheta.com\/en\/wp-json\/wp\/v2\/product_cat?post=1786"},{"taxonomy":"product_tag","embeddable":true,"href":"https:\/\/lidag.ivanhiracheta.com\/en\/wp-json\/wp\/v2\/product_tag?post=1786"}],"curies":[{"name":"wp","href":"https:\/\/api.w.org\/{rel}","templated":true}]}}