{"id":1918,"date":"2026-04-06T18:30:33","date_gmt":"2026-04-06T16:30:33","guid":{"rendered":"https:\/\/lidag.ivanhiracheta.com\/?page_id=1918"},"modified":"2026-04-06T18:34:04","modified_gmt":"2026-04-06T16:34:04","slug":"empresa","status":"publish","type":"page","link":"https:\/\/lidag.ivanhiracheta.com\/en\/empresa\/","title":{"rendered":"Empresa"},"content":{"rendered":"<div data-elementor-type=\"wp-page\" data-elementor-id=\"1918\" class=\"elementor elementor-1918\" data-elementor-post-type=\"page\">\n\t\t\t\t<div class=\"elementor-element elementor-element-bbf706f e-flex e-con-boxed e-con e-parent\" data-id=\"bbf706f\" data-element_type=\"container\" data-settings=\"{&quot;background_background&quot;:&quot;classic&quot;}\">\n\t\t\t\t\t<div class=\"e-con-inner\">\n\t\t\t\t<div class=\"elementor-element elementor-element-6e5b596 elementor-widget elementor-widget-softlite_dynamic_card_box\" data-id=\"6e5b596\" data-element_type=\"widget\" data-widget_type=\"softlite_dynamic_card_box.default\">\n\t\t\t\t<div class=\"elementor-widget-container\">\n\t\t\t\t\t \n\t<div class=\"softlite-dynamic-card-box ue1zi6ic\" data-softlite-card-box-link-href=\"\" data-softlite-card-box-link-target=\"\"><div class=\"ecmtbpq7\"><div class=\"odfeam9r softlite-dynamic-card-box-background-color-1\"><span class=\"\"><svg xmlns=\"http:\/\/www.w3.org\/2000\/svg\" width=\"24\" height=\"24\" viewbox=\"0 0 24 24\" fill=\"none\" stroke=\"currentColor\" stroke-width=\"2\" stroke-linecap=\"round\" stroke-linejoin=\"round\" class=\"wrlewb7c softlite-dynamic-icon\"><path d=\"M6 22V4a2 2 0 0 1 2-2h8a2 2 0 0 1 2 2v18Z\"><\/path><path d=\"M6 12H4a2 2 0 0 0-2 2v6a2 2 0 0 0 2 2h2\"><\/path><path d=\"M18 9h2a2 2 0 0 1 2 2v9a2 2 0 0 1-2 2h-2\"><\/path><path d=\"M10 6h4\"><\/path><path d=\"M10 10h4\"><\/path><path d=\"M10 14h4\"><\/path><path d=\"M10 18h4\"><\/path><\/svg><\/span><\/div><h1 class=\"f6gybp5g softlite-dynamic-card-box-text-1\">LIDAG, S.A. DE C.V.<\/h1><\/div><p class=\"agqsunvq softlite-dynamic-card-box-text-2\">L\u00edderes en investigaci\u00f3n y desarrollo agropecuario desde 1986<\/p><\/div> \t\t\t\t<\/div>\n\t\t\t\t<\/div>\n\t\t\t\t\t<\/div>\n\t\t\t\t<\/div>\n\t\t<div class=\"elementor-element elementor-element-5cdfabf e-con-full e-flex e-con e-parent\" data-id=\"5cdfabf\" data-element_type=\"container\" data-settings=\"{&quot;background_background&quot;:&quot;classic&quot;}\">\n\t\t<div class=\"elementor-element elementor-element-0ea7f25 e-con-full e-flex e-con e-child\" data-id=\"0ea7f25\" data-element_type=\"container\">\n\t\t<div class=\"elementor-element elementor-element-22625de e-con-full e-flex e-con e-child\" data-id=\"22625de\" data-element_type=\"container\">\n\t\t\t\t<div class=\"elementor-element elementor-element-e6df22c elementor-widget elementor-widget-softlite_dynamic_card_box\" data-id=\"e6df22c\" data-element_type=\"widget\" data-widget_type=\"softlite_dynamic_card_box.default\">\n\t\t\t\t<div class=\"elementor-widget-container\">\n\t\t\t\t\t <div class=\"softlite-dynamic-card-box mt9r5h3j softlite-dynamic-card-box-background-color-1\" data-softlite-card-box-link-href=\"\" data-softlite-card-box-link-target=\"\"><h2 class=\"gjoh0hkm softlite-dynamic-card-box-text-1\">Nuestra Historia<\/h2><div class=\"cufbupmn\"><p class=\"xllc0oio softlite-dynamic-card-box-text-2\">El Laboratorio de Investigaciones y Diagn\u00f3sticos Agropecuarios (LIDAG, S.A. DE C.V.), es una empresa de iniciativa privada, que inici\u00f3 su actividad emprendedora en 1986, en la ciudad de Monterrey, Nuevo Le\u00f3n. Adopt\u00f3 el modelo de negocio h\u00edbrido, que combina la din\u00e1mica de una empresa de servicios t\u00e9cnicos, con los de una empresa de desarrollo de productos sustentables para la agricultura, silvicultura y agroindustria.<\/p><p class=\"c9d5opgx softlite-dynamic-card-box-text-3\">El pensamiento creativo, los valores y la pasi\u00f3n de su fundador, Doctor en Ciencias Antonio Mu\u00f1oz Santiago, han sido clave para enfrentar con \u00e9xito las fuerzas competitivas del sector. El trabajo en equipo, el escuchar la voz del mercado y adaptarnos a los cambios han sido fundamentales y nuestras fortalezas.<\/p><\/div><\/div> \t\t\t\t<\/div>\n\t\t\t\t<\/div>\n\t\t\t\t<div class=\"elementor-element elementor-element-7af07d6 elementor-widget elementor-widget-softlite_dynamic_card_box\" data-id=\"7af07d6\" data-element_type=\"widget\" data-widget_type=\"softlite_dynamic_card_box.default\">\n\t\t\t\t<div class=\"elementor-widget-container\">\n\t\t\t\t\t <div class=\"softlite-dynamic-card-box w4etnx9r softlite-dynamic-card-box-background-color-1\" data-softlite-card-box-link-href=\"\" data-softlite-card-box-link-target=\"\"><h2 class=\"pdku5kj2 softlite-dynamic-card-box-text-1\">Nuestro Sector<\/h2><div class=\"tl91bwnd\"><p class=\"vv0i7tci softlite-dynamic-card-box-text-2\">La empresa opera en el sector de agroqu\u00edmicos, y compite en los segmentos de sanidad y nutrici\u00f3n vegetal. La l\u00ednea de productos LIDAG la constituyen: fungicidas, bactericidas, nematicidas, inoculantes, mejoradores de suelo y fertilizantes. Todos los productos que ofrece la empresa est\u00e1n registrados ante la Comisi\u00f3n Federal para la Protecci\u00f3n contra Riesgos Sanitarios (COFEPRIS).<\/p><p class=\"e7g77p34 softlite-dynamic-card-box-text-3\">Potenciar la inversi\u00f3n I+D+I (investigaci\u00f3n, desarrollo e innovaci\u00f3n), para convertir los resultados de la investigaci\u00f3n en productos para la sanidad y nutrici\u00f3n vegetal, constituye la mayor fortaleza de nuestros productos, los cuales se diferencian positivamente de los de la competencia.<\/p><\/div><\/div> \t\t\t\t<\/div>\n\t\t\t\t<\/div>\n\t\t<div class=\"elementor-element elementor-element-04ca5b2 e-con-full e-flex e-con e-child\" data-id=\"04ca5b2\" data-element_type=\"container\">\n\t\t\t\t<div class=\"elementor-element elementor-element-bfc5e37 elementor-widget__width-initial elementor-widget elementor-widget-heading\" data-id=\"bfc5e37\" data-element_type=\"widget\" data-widget_type=\"heading.default\">\n\t\t\t\t<div class=\"elementor-widget-container\">\n\t\t\t\t\t<h2 class=\"elementor-heading-title elementor-size-default\">Nuestras 4 L\u00edneas de Negocio<\/h2>\t\t\t\t<\/div>\n\t\t\t\t<\/div>\n\t\t<div class=\"elementor-element elementor-element-499d29e e-con-full e-flex e-con e-child\" data-id=\"499d29e\" data-element_type=\"container\">\n\t\t\t\t<div class=\"elementor-element elementor-element-192309c elementor-widget elementor-widget-softlite_dynamic_card_box\" data-id=\"192309c\" data-element_type=\"widget\" data-widget_type=\"softlite_dynamic_card_box.default\">\n\t\t\t\t<div class=\"elementor-widget-container\">\n\t\t\t\t\t \n\t<div class=\"softlite-dynamic-card-box dihh13as softlite-dynamic-card-box-background-color-1\" data-softlite-card-box-link-href=\"\" data-softlite-card-box-link-target=\"\"><div class=\"mpqxhm6z\"><div class=\"i0ixzru0\"><div class=\"w9xw6mqi softlite-dynamic-card-box-background-color-2\"><span class=\"\"><svg xmlns=\"http:\/\/www.w3.org\/2000\/svg\" width=\"24\" height=\"24\" viewbox=\"0 0 24 24\" fill=\"none\" stroke=\"currentColor\" stroke-width=\"2\" stroke-linecap=\"round\" stroke-linejoin=\"round\" class=\"csogdj3t softlite-dynamic-icon\"><path d=\"M16 21v-2a4 4 0 0 0-4-4H6a4 4 0 0 0-4 4v2\"><\/path><circle cx=\"9\" cy=\"7\" r=\"4\"><\/circle><path d=\"M22 21v-2a4 4 0 0 0-3-3.87\"><\/path><path d=\"M16 3.13a4 4 0 0 1 0 7.75\"><\/path><\/svg><\/span><\/div><div class=\"oqvytxo1\"><h3 class=\"rljajvof softlite-dynamic-card-box-text-1\">Servicios Profesionales Agron\u00f3micos<\/h3><p class=\"dmbp1i9l softlite-dynamic-card-box-text-2\">Asesor\u00eda t\u00e9cnica especializada para optimizar la producci\u00f3n agr\u00edcola<\/p><\/div><\/div><\/div><\/div> \t\t\t\t<\/div>\n\t\t\t\t<\/div>\n\t\t\t\t<div class=\"elementor-element elementor-element-883982b elementor-widget elementor-widget-softlite_dynamic_card_box\" data-id=\"883982b\" data-element_type=\"widget\" data-widget_type=\"softlite_dynamic_card_box.default\">\n\t\t\t\t<div class=\"elementor-widget-container\">\n\t\t\t\t\t \n\t<div class=\"softlite-dynamic-card-box ij7atni6 softlite-dynamic-card-box-background-color-1\" data-softlite-card-box-link-href=\"\" data-softlite-card-box-link-target=\"\"><div class=\"jy2g7tdg\"><div class=\"wdjov206\"><div class=\"dxjf0dl7 softlite-dynamic-card-box-background-color-2\"><span class=\"\"><svg xmlns=\"http:\/\/www.w3.org\/2000\/svg\" width=\"24\" height=\"24\" viewbox=\"0 0 24 24\" fill=\"none\" stroke=\"currentColor\" stroke-width=\"2\" stroke-linecap=\"round\" stroke-linejoin=\"round\" class=\"rc6iuk9d softlite-dynamic-icon\"><polyline points=\"22 7 13.5 15.5 8.5 10.5 2 17\"><\/polyline><polyline points=\"16 7 22 7 22 13\"><\/polyline><\/svg><\/span><\/div><div class=\"r84259lx\"><h3 class=\"fuu3iad4 softlite-dynamic-card-box-text-1\">Desarrollo Tecnol\u00f3gico<\/h3><p class=\"xgd866cb softlite-dynamic-card-box-text-2\">Innovaci\u00f3n constante en soluciones agr\u00edcolas sustentables<\/p><\/div><\/div><\/div><\/div> \t\t\t\t<\/div>\n\t\t\t\t<\/div>\n\t\t\t\t<div class=\"elementor-element elementor-element-3eda2c6 elementor-widget elementor-widget-softlite_dynamic_card_box\" data-id=\"3eda2c6\" data-element_type=\"widget\" data-widget_type=\"softlite_dynamic_card_box.default\">\n\t\t\t\t<div class=\"elementor-widget-container\">\n\t\t\t\t\t \n\t<div class=\"softlite-dynamic-card-box d1i5xq54 softlite-dynamic-card-box-background-color-1\" data-softlite-card-box-link-href=\"\" data-softlite-card-box-link-target=\"\"><div class=\"v58b4b49\"><div class=\"rlxrgvlq\"><div class=\"i4wn5qk1 softlite-dynamic-card-box-background-color-2\"><span class=\"\"><svg xmlns=\"http:\/\/www.w3.org\/2000\/svg\" width=\"24\" height=\"24\" viewbox=\"0 0 24 24\" fill=\"none\" stroke=\"currentColor\" stroke-width=\"2\" stroke-linecap=\"round\" stroke-linejoin=\"round\" class=\"jpc913ay softlite-dynamic-icon\"><path d=\"m15.477 12.89 1.515 8.526a.5.5 0 0 1-.81.47l-3.58-2.687a1 1 0 0 0-1.197 0l-3.586 2.686a.5.5 0 0 1-.81-.469l1.514-8.526\"><\/path><circle cx=\"12\" cy=\"8\" r=\"6\"><\/circle><\/svg><\/span><\/div><div class=\"zmiamly9\"><h3 class=\"g6e2namb softlite-dynamic-card-box-text-1\">Investigaci\u00f3n Cient\u00edfica<\/h3><p class=\"wu8k25sv softlite-dynamic-card-box-text-2\">I+D+I para productos de sanidad y nutrici\u00f3n vegetal<\/p><\/div><\/div><\/div><\/div> \t\t\t\t<\/div>\n\t\t\t\t<\/div>\n\t\t\t\t<div class=\"elementor-element elementor-element-d43f0ab elementor-widget elementor-widget-softlite_dynamic_card_box\" data-id=\"d43f0ab\" data-element_type=\"widget\" data-widget_type=\"softlite_dynamic_card_box.default\">\n\t\t\t\t<div class=\"elementor-widget-container\">\n\t\t\t\t\t \n\t<div class=\"softlite-dynamic-card-box eml4a8bm softlite-dynamic-card-box-background-color-1\" data-softlite-card-box-link-href=\"\" data-softlite-card-box-link-target=\"\"><div class=\"meoxligz\"><div class=\"p7e1xb14\"><div class=\"n7ogqi14 softlite-dynamic-card-box-background-color-2\"><span class=\"\"><svg xmlns=\"http:\/\/www.w3.org\/2000\/svg\" width=\"24\" height=\"24\" viewbox=\"0 0 24 24\" fill=\"none\" stroke=\"currentColor\" stroke-width=\"2\" stroke-linecap=\"round\" stroke-linejoin=\"round\" class=\"w773usad softlite-dynamic-icon\"><path d=\"M6 22V4a2 2 0 0 1 2-2h8a2 2 0 0 1 2 2v18Z\"><\/path><path d=\"M6 12H4a2 2 0 0 0-2 2v6a2 2 0 0 0 2 2h2\"><\/path><path d=\"M18 9h2a2 2 0 0 1 2 2v9a2 2 0 0 1-2 2h-2\"><\/path><path d=\"M10 6h4\"><\/path><path d=\"M10 10h4\"><\/path><path d=\"M10 14h4\"><\/path><path d=\"M10 18h4\"><\/path><\/svg><\/span><\/div><div class=\"icceq076\"><h3 class=\"mde2mtwy softlite-dynamic-card-box-text-1\">Fabricaci\u00f3n y Comercializaci\u00f3n<\/h3><p class=\"nqcxwrsz softlite-dynamic-card-box-text-2\">Desarrollo y distribuci\u00f3n de agroqu\u00edmicos de alta calidad<\/p><\/div><\/div><\/div><\/div> \t\t\t\t<\/div>\n\t\t\t\t<\/div>\n\t\t\t\t<\/div>\n\t\t\t\t<\/div>\n\t\t\t\t<div class=\"elementor-element elementor-element-128604f elementor-widget elementor-widget-softlite_dynamic_card_box\" data-id=\"128604f\" data-element_type=\"widget\" data-widget_type=\"softlite_dynamic_card_box.default\">\n\t\t\t\t<div class=\"elementor-widget-container\">\n\t\t\t\t\t \n\t<div class=\"softlite-dynamic-card-box fk8qgxq5 softlite-dynamic-card-box-background-color-1\" data-softlite-card-box-link-href=\"\" data-softlite-card-box-link-target=\"\"><div class=\"ubm0c1v4\"><span class=\"\"><svg xmlns=\"http:\/\/www.w3.org\/2000\/svg\" width=\"24\" height=\"24\" viewbox=\"0 0 24 24\" fill=\"none\" stroke=\"currentColor\" stroke-width=\"2\" stroke-linecap=\"round\" stroke-linejoin=\"round\" class=\"l8ifjrf9 softlite-dynamic-icon\"><circle cx=\"12\" cy=\"12\" r=\"10\"><\/circle><path d=\"M12 2a14.5 14.5 0 0 0 0 20 14.5 14.5 0 0 0 0-20\"><\/path><path d=\"M2 12h20\"><\/path><\/svg><\/span><div class=\"g2hxapkd\"><h2 class=\"jjpqcb6g softlite-dynamic-card-box-text-1\">Presencia en el Mercado<\/h2><p class=\"ai7ywqz0 softlite-dynamic-card-box-text-2\">LIDAG, S.A. de C.V. tiene presencia en 15 estados de la rep\u00fablica, principalmente de las regiones norte y centro. Su enfoque comercial est\u00e1 dirigido hacia un segmento de mercado de alto nivel tecnol\u00f3gico y productivo, especialmente preocupado por mantener y mejorar la productividad, con respeto al medio ambiente.<\/p><p class=\"xddx62c3 softlite-dynamic-card-box-text-3\">Actualmente, la empresa tiene una participaci\u00f3n significativa en el mercado nacional de agroinsumos, y trabaja en estrecho contacto con instituciones de ense\u00f1anza superior y con centros de investigaci\u00f3n en el desarrollo de nuevos productos.<\/p><\/div><\/div><\/div> \t\t\t\t<\/div>\n\t\t\t\t<\/div>\n\t\t\t\t<div class=\"elementor-element elementor-element-40ecedf elementor-widget elementor-widget-softlite_dynamic_card_box\" data-id=\"40ecedf\" data-element_type=\"widget\" data-widget_type=\"softlite_dynamic_card_box.default\">\n\t\t\t\t<div class=\"elementor-widget-container\">\n\t\t\t\t\t \n\t<div class=\"softlite-dynamic-card-box zpf54qkb softlite-dynamic-card-box-background-color-1\" data-softlite-card-box-link-href=\"\" data-softlite-card-box-link-target=\"\"><div class=\"t5fnjm64\"><span class=\"\"><svg xmlns=\"http:\/\/www.w3.org\/2000\/svg\" width=\"24\" height=\"24\" viewbox=\"0 0 24 24\" fill=\"none\" stroke=\"currentColor\" stroke-width=\"2\" stroke-linecap=\"round\" stroke-linejoin=\"round\" class=\"edk62a5h softlite-dynamic-icon\"><circle cx=\"12\" cy=\"12\" r=\"10\"><\/circle><circle cx=\"12\" cy=\"12\" r=\"6\"><\/circle><circle cx=\"12\" cy=\"12\" r=\"2\"><\/circle><\/svg><\/span><div class=\"zvyek0m6\"><h2 class=\"aslvntma softlite-dynamic-card-box-text-1\">Nuestro Equipo e Infraestructura<\/h2><p class=\"rtxeriei softlite-dynamic-card-box-text-2\">LIDAG est\u00e1 conformada y respaldada por personal profesional especializado, que trabaja para que usted obtenga los mejores productos y servicios, para lo cual utiliza la infraestructura f\u00edsica de la que dispone, como laboratorios equipados, planta piloto experimental e invernadero.<\/p><\/div><\/div><\/div> \t\t\t\t<\/div>\n\t\t\t\t<\/div>\n\t\t<div class=\"elementor-element elementor-element-8fad873 e-con-full e-flex e-con e-child\" data-id=\"8fad873\" data-element_type=\"container\">\n\t\t\t\t<div class=\"elementor-element elementor-element-d7563d2 elementor-widget elementor-widget-softlite_dynamic_card_box\" data-id=\"d7563d2\" data-element_type=\"widget\" data-widget_type=\"softlite_dynamic_card_box.default\">\n\t\t\t\t<div class=\"elementor-widget-container\">\n\t\t\t\t\t <div class=\"softlite-dynamic-card-box h7k3ho0l softlite-dynamic-card-box-background-color-1\" data-softlite-card-box-link-href=\"\" data-softlite-card-box-link-target=\"\"><div class=\"a288lm1z\"><div class=\"g3wdzqyr softlite-dynamic-card-box-text-1\">1986<\/div><div class=\"bfel0tid softlite-dynamic-card-box-text-2\">A\u00f1o de fundaci\u00f3n<\/div><\/div><\/div> \t\t\t\t<\/div>\n\t\t\t\t<\/div>\n\t\t\t\t<div class=\"elementor-element elementor-element-7d380a9 elementor-widget elementor-widget-softlite_dynamic_card_box\" data-id=\"7d380a9\" data-element_type=\"widget\" data-widget_type=\"softlite_dynamic_card_box.default\">\n\t\t\t\t<div class=\"elementor-widget-container\">\n\t\t\t\t\t <div class=\"softlite-dynamic-card-box somy6f6u softlite-dynamic-card-box-background-color-1\" data-softlite-card-box-link-href=\"\" data-softlite-card-box-link-target=\"\"><div class=\"tl9prib3\"><div class=\"r6liw31y softlite-dynamic-card-box-text-1\">15<\/div><div class=\"be0nzcr7 softlite-dynamic-card-box-text-2\">Estados con presencia<\/div><\/div><\/div> \t\t\t\t<\/div>\n\t\t\t\t<\/div>\n\t\t\t\t<div class=\"elementor-element elementor-element-24e7cf0 elementor-widget elementor-widget-softlite_dynamic_card_box\" data-id=\"24e7cf0\" data-element_type=\"widget\" data-widget_type=\"softlite_dynamic_card_box.default\">\n\t\t\t\t<div class=\"elementor-widget-container\">\n\t\t\t\t\t <div class=\"softlite-dynamic-card-box ihqdcra1 softlite-dynamic-card-box-background-color-1\" data-softlite-card-box-link-href=\"\" data-softlite-card-box-link-target=\"\"><div class=\"xvsa1v1e\"><div class=\"tzx7zuca softlite-dynamic-card-box-text-1\">35+<\/div><div class=\"vgr5g41w softlite-dynamic-card-box-text-2\">A\u00f1os de experiencia<\/div><\/div><\/div> \t\t\t\t<\/div>\n\t\t\t\t<\/div>\n\t\t\t\t<div class=\"elementor-element elementor-element-1961f8a elementor-widget elementor-widget-softlite_dynamic_card_box\" data-id=\"1961f8a\" data-element_type=\"widget\" data-widget_type=\"softlite_dynamic_card_box.default\">\n\t\t\t\t<div class=\"elementor-widget-container\">\n\t\t\t\t\t <div class=\"softlite-dynamic-card-box x6qo2waj softlite-dynamic-card-box-background-color-1\" data-softlite-card-box-link-href=\"\" data-softlite-card-box-link-target=\"\"><div class=\"l56sns60\"><div class=\"nr0824xe softlite-dynamic-card-box-text-1\">100%<\/div><div class=\"s16e6e4b softlite-dynamic-card-box-text-2\">Productos registrados COFEPRIS<\/div><\/div><\/div> \t\t\t\t<\/div>\n\t\t\t\t<\/div>\n\t\t\t\t<\/div>\n\t\t\t\t<\/div>\n\t\t\t\t<\/div>\n\t\t\t\t<\/div>\n\t\t\t\t<\/div>","protected":false},"excerpt":{"rendered":"<p>LIDAG, S.A. DE C.V. L\u00edderes en investigaci\u00f3n y desarrollo agropecuario desde 1986 Nuestra Historia El Laboratorio de Investigaciones y Diagn\u00f3sticos Agropecuarios (LIDAG, S.A. DE C.V.), es una empresa de iniciativa privada, que inici\u00f3 su actividad emprendedora en 1986, en la ciudad de Monterrey, Nuevo Le\u00f3n. Adopt\u00f3 el modelo de negocio h\u00edbrido, que combina la din\u00e1mica [&hellip;]<\/p>","protected":false},"author":1,"featured_media":0,"parent":0,"menu_order":0,"comment_status":"closed","ping_status":"closed","template":"","meta":{"footnotes":""},"class_list":["post-1918","page","type-page","status-publish","hentry"],"_links":{"self":[{"href":"https:\/\/lidag.ivanhiracheta.com\/en\/wp-json\/wp\/v2\/pages\/1918"}],"collection":[{"href":"https:\/\/lidag.ivanhiracheta.com\/en\/wp-json\/wp\/v2\/pages"}],"about":[{"href":"https:\/\/lidag.ivanhiracheta.com\/en\/wp-json\/wp\/v2\/types\/page"}],"author":[{"embeddable":true,"href":"https:\/\/lidag.ivanhiracheta.com\/en\/wp-json\/wp\/v2\/users\/1"}],"replies":[{"embeddable":true,"href":"https:\/\/lidag.ivanhiracheta.com\/en\/wp-json\/wp\/v2\/comments?post=1918"}],"version-history":[{"count":10,"href":"https:\/\/lidag.ivanhiracheta.com\/en\/wp-json\/wp\/v2\/pages\/1918\/revisions"}],"predecessor-version":[{"id":1928,"href":"https:\/\/lidag.ivanhiracheta.com\/en\/wp-json\/wp\/v2\/pages\/1918\/revisions\/1928"}],"wp:attachment":[{"href":"https:\/\/lidag.ivanhiracheta.com\/en\/wp-json\/wp\/v2\/media?parent=1918"}],"curies":[{"name":"wp","href":"https:\/\/api.w.org\/{rel}","templated":true}]}}