{"id":1492,"date":"2024-11-15T20:21:34","date_gmt":"2024-11-15T19:21:34","guid":{"rendered":"https:\/\/lidag.ivanhiracheta.com\/?page_id=1492"},"modified":"2024-11-15T21:47:36","modified_gmt":"2024-11-15T20:47:36","slug":"servicios","status":"publish","type":"page","link":"https:\/\/lidag.ivanhiracheta.com\/en\/servicios\/","title":{"rendered":"Services"},"content":{"rendered":"<div data-elementor-type=\"wp-page\" data-elementor-id=\"1492\" class=\"elementor elementor-1492\" data-elementor-post-type=\"page\">\n\t\t\t\t<div class=\"elementor-element elementor-element-8b002cd e-flex e-con-boxed e-con e-parent\" data-id=\"8b002cd\" data-element_type=\"container\">\n\t\t\t\t\t<div class=\"e-con-inner\">\n\t\t<div class=\"elementor-element elementor-element-4d7e548 e-con-full e-flex e-con e-child\" data-id=\"4d7e548\" data-element_type=\"container\" data-settings=\"{&quot;background_background&quot;:&quot;classic&quot;}\">\n\t\t\t\t<div class=\"elementor-element elementor-element-2f11a1d elementor-widget elementor-widget-heading\" data-id=\"2f11a1d\" data-element_type=\"widget\" data-widget_type=\"heading.default\">\n\t\t\t\t<div class=\"elementor-widget-container\">\n\t\t\t\t\t<h2 class=\"elementor-heading-title elementor-size-default\">Services<\/h2>\t\t\t\t<\/div>\n\t\t\t\t<\/div>\n\t\t\t\t<div class=\"elementor-element elementor-element-60bc0a0 elementor-widget elementor-widget-text-editor\" data-id=\"60bc0a0\" data-element_type=\"widget\" data-widget_type=\"text-editor.default\">\n\t\t\t\t<div class=\"elementor-widget-container\">\n\t\t\t\t\t\t\t\t\t<div class=\"elementor-element elementor-element-4745fbe e-con-full e-flex e-con e-child\" data-id=\"4745fbe\" data-element_type=\"container\" data-settings=\"{&quot;jet_parallax_layout_list&quot;:[],&quot;_ob_use_container_extras&quot;:&quot;no&quot;,&quot;_ob_column_hoveranimator&quot;:&quot;no&quot;,&quot;_ha_eqh_enable&quot;:false,&quot;_ob_glider_is_slider&quot;:&quot;no&quot;,&quot;_ob_column_has_pseudo&quot;:&quot;no&quot;}\"><div class=\"elementor-element elementor-element-cce72c1 ob-harakiri-inherit ha-has-bg-overlay ob-has-background-overlay elementor-widget elementor-widget-text-editor ob-harakiri\" data-id=\"cce72c1\" data-element_type=\"widget\" data-settings=\"{&quot;_ob_use_harakiri&quot;:&quot;yes&quot;,&quot;_ob_harakiri_writing_mode&quot;:&quot;inherit&quot;,&quot;_ob_postman_use&quot;:&quot;no&quot;,&quot;_ob_widget_stalker_use&quot;:&quot;no&quot;,&quot;_ob_poopart_use&quot;:&quot;yes&quot;,&quot;_ob_shadough_use&quot;:&quot;no&quot;,&quot;_ob_allow_hoveranimator&quot;:&quot;no&quot;}\" data-widget_type=\"text-editor.default\"><div class=\"elementor-widget-container\"><p>Nuestros servicios integrales cubren los aspectos m\u00e1s relevantes de la producci\u00f3n agr\u00edcola, a efecto de hacerla m\u00e1s eficiente, redituable y sustentable.<\/p><\/div><\/div><\/div>\t\t\t\t\t\t\t\t<\/div>\n\t\t\t\t<\/div>\n\t\t\t\t<\/div>\n\t\t<div class=\"elementor-element elementor-element-b7e2bff e-con-full e-flex e-con e-child\" data-id=\"b7e2bff\" data-element_type=\"container\">\n\t\t\t\t<div class=\"elementor-element elementor-element-24e529e elementor-widget elementor-widget-image\" data-id=\"24e529e\" data-element_type=\"widget\" data-widget_type=\"image.default\">\n\t\t\t\t<div class=\"elementor-widget-container\">\n\t\t\t\t\t\t\t\t\t\t\t\t\t\t\t<img fetchpriority=\"high\" decoding=\"async\" width=\"800\" height=\"636\" src=\"https:\/\/lidag.ivanhiracheta.com\/wp-content\/uploads\/2024\/09\/DJI_0199-Edit-copy.jpg\" class=\"attachment-large size-large wp-image-976\" alt=\"\" srcset=\"https:\/\/lidag.ivanhiracheta.com\/wp-content\/uploads\/2024\/09\/DJI_0199-Edit-copy.jpg 1000w, https:\/\/lidag.ivanhiracheta.com\/wp-content\/uploads\/2024\/09\/DJI_0199-Edit-copy-600x477.jpg 600w, https:\/\/lidag.ivanhiracheta.com\/wp-content\/uploads\/2024\/09\/DJI_0199-Edit-copy-300x239.jpg 300w, https:\/\/lidag.ivanhiracheta.com\/wp-content\/uploads\/2024\/09\/DJI_0199-Edit-copy-768x611.jpg 768w\" sizes=\"(max-width: 800px) 100vw, 800px\" \/>\t\t\t\t\t\t\t\t\t\t\t\t\t\t\t<\/div>\n\t\t\t\t<\/div>\n\t\t\t\t<\/div>\n\t\t\t\t\t<\/div>\n\t\t\t\t<\/div>\n\t\t<div class=\"elementor-element elementor-element-25fbe6b e-flex e-con-boxed e-con e-parent\" data-id=\"25fbe6b\" data-element_type=\"container\">\n\t\t\t\t\t<div class=\"e-con-inner\">\n\t\t<div class=\"elementor-element elementor-element-c8958f1 e-con-full e-flex e-con e-child\" data-id=\"c8958f1\" data-element_type=\"container\">\n\t\t<div class=\"elementor-element elementor-element-8ececc4 e-con-full e-flex e-con e-child\" data-id=\"8ececc4\" data-element_type=\"container\">\n\t\t\t\t<div class=\"elementor-element elementor-element-61afd9b elementor-widget elementor-widget-image\" data-id=\"61afd9b\" data-element_type=\"widget\" data-widget_type=\"image.default\">\n\t\t\t\t<div class=\"elementor-widget-container\">\n\t\t\t\t\t\t\t\t\t\t\t\t\t\t\t<img decoding=\"async\" width=\"800\" height=\"534\" src=\"https:\/\/lidag.ivanhiracheta.com\/wp-content\/uploads\/2024\/11\/pexels-photo-326082-1024x683.jpeg\" class=\"attachment-large size-large wp-image-1497\" alt=\"\" srcset=\"https:\/\/lidag.ivanhiracheta.com\/wp-content\/uploads\/2024\/11\/pexels-photo-326082-1024x683.jpeg 1024w, https:\/\/lidag.ivanhiracheta.com\/wp-content\/uploads\/2024\/11\/pexels-photo-326082-300x200.jpeg 300w, https:\/\/lidag.ivanhiracheta.com\/wp-content\/uploads\/2024\/11\/pexels-photo-326082-768x512.jpeg 768w, https:\/\/lidag.ivanhiracheta.com\/wp-content\/uploads\/2024\/11\/pexels-photo-326082-18x12.jpeg 18w, https:\/\/lidag.ivanhiracheta.com\/wp-content\/uploads\/2024\/11\/pexels-photo-326082-600x400.jpeg 600w, https:\/\/lidag.ivanhiracheta.com\/wp-content\/uploads\/2024\/11\/pexels-photo-326082.jpeg 1125w\" sizes=\"(max-width: 800px) 100vw, 800px\" \/>\t\t\t\t\t\t\t\t\t\t\t\t\t\t\t<\/div>\n\t\t\t\t<\/div>\n\t\t\t\t<div class=\"elementor-element elementor-element-2231539 elementor-widget elementor-widget-heading\" data-id=\"2231539\" data-element_type=\"widget\" data-widget_type=\"heading.default\">\n\t\t\t\t<div class=\"elementor-widget-container\">\n\t\t\t\t\t<h2 class=\"elementor-heading-title elementor-size-default\">Servicios agron\u00f3micos <\/h2>\t\t\t\t<\/div>\n\t\t\t\t<\/div>\n\t\t\t\t<div class=\"elementor-element elementor-element-2372aac elementor-widget elementor-widget-text-editor\" data-id=\"2372aac\" data-element_type=\"widget\" data-widget_type=\"text-editor.default\">\n\t\t\t\t<div class=\"elementor-widget-container\">\n\t\t\t\t\t\t\t\t\t<div class=\"elementor-element elementor-element-ba3f30a elementor-widget elementor-widget-text-editor\" data-id=\"ba3f30a\" data-element_type=\"widget\" data-widget_type=\"text-editor.default\"><div class=\"elementor-widget-container\"><p>We improve agricultural productivity with advice, crop monitoring and efficient soil and water management.<\/p><\/div><\/div>\t\t\t\t\t\t\t\t<\/div>\n\t\t\t\t<\/div>\n\t\t\t\t<div class=\"elementor-element elementor-element-b7a3c6f elementor-align-center elementor-widget elementor-widget-button\" data-id=\"b7a3c6f\" data-element_type=\"widget\" data-widget_type=\"button.default\">\n\t\t\t\t<div class=\"elementor-widget-container\">\n\t\t\t\t\t\t\t\t\t<div class=\"elementor-button-wrapper\">\n\t\t\t\t\t<a class=\"elementor-button elementor-button-link elementor-size-sm\" href=\"https:\/\/lidag.ivanhiracheta.com\/en\/servicios-agronomicos\/\">\n\t\t\t\t\t\t<span class=\"elementor-button-content-wrapper\">\n\t\t\t\t\t\t\t\t\t<span class=\"elementor-button-text\">See more<\/span>\n\t\t\t\t\t<\/span>\n\t\t\t\t\t<\/a>\n\t\t\t\t<\/div>\n\t\t\t\t\t\t\t\t<\/div>\n\t\t\t\t<\/div>\n\t\t\t\t<\/div>\n\t\t\t\t<\/div>\n\t\t<div class=\"elementor-element elementor-element-1731968 e-con-full e-flex e-con e-child\" data-id=\"1731968\" data-element_type=\"container\">\n\t\t<div class=\"elementor-element elementor-element-300f35b e-con-full e-flex e-con e-child\" data-id=\"300f35b\" data-element_type=\"container\">\n\t\t\t\t<div class=\"elementor-element elementor-element-9b96c77 elementor-widget elementor-widget-image\" data-id=\"9b96c77\" data-element_type=\"widget\" data-widget_type=\"image.default\">\n\t\t\t\t<div class=\"elementor-widget-container\">\n\t\t\t\t\t\t\t\t\t\t\t\t\t\t\t<img decoding=\"async\" width=\"720\" height=\"540\" src=\"https:\/\/lidag.ivanhiracheta.com\/wp-content\/uploads\/2024\/09\/Futuras-generaciones.png\" class=\"attachment-large size-large wp-image-764\" alt=\"\" srcset=\"https:\/\/lidag.ivanhiracheta.com\/wp-content\/uploads\/2024\/09\/Futuras-generaciones.png 720w, https:\/\/lidag.ivanhiracheta.com\/wp-content\/uploads\/2024\/09\/Futuras-generaciones-600x450.png 600w, https:\/\/lidag.ivanhiracheta.com\/wp-content\/uploads\/2024\/09\/Futuras-generaciones-300x225.png 300w\" sizes=\"(max-width: 720px) 100vw, 720px\" \/>\t\t\t\t\t\t\t\t\t\t\t\t\t\t\t<\/div>\n\t\t\t\t<\/div>\n\t\t\t\t<div class=\"elementor-element elementor-element-0519f15 elementor-widget elementor-widget-heading\" data-id=\"0519f15\" data-element_type=\"widget\" data-widget_type=\"heading.default\">\n\t\t\t\t<div class=\"elementor-widget-container\">\n\t\t\t\t\t<h2 class=\"elementor-heading-title elementor-size-default\">Our business model.<\/h2>\t\t\t\t<\/div>\n\t\t\t\t<\/div>\n\t\t\t\t<div class=\"elementor-element elementor-element-bde9be4 elementor-widget elementor-widget-text-editor\" data-id=\"bde9be4\" data-element_type=\"widget\" data-widget_type=\"text-editor.default\">\n\t\t\t\t<div class=\"elementor-widget-container\">\n\t\t\t\t\t\t\t\t\t<div class=\"elementor-element elementor-element-ba3f30a elementor-widget elementor-widget-text-editor\" data-id=\"ba3f30a\" data-element_type=\"widget\" data-widget_type=\"text-editor.default\"><div class=\"elementor-widget-container\"><p>LIDAG has four main lines of business, from which we seek to <span style=\"color: #6c9e39;\"><b>contribute to improving the productivity of the Mexican countryside while ensuring its care for future generations.<\/b><\/span><\/p><\/div><\/div>\t\t\t\t\t\t\t\t<\/div>\n\t\t\t\t<\/div>\n\t\t\t\t<\/div>\n\t\t\t\t<\/div>\n\t\t<div class=\"elementor-element elementor-element-9c248ee e-con-full e-flex e-con e-child\" data-id=\"9c248ee\" data-element_type=\"container\">\n\t\t<div class=\"elementor-element elementor-element-f6ed177 e-con-full e-flex e-con e-child\" data-id=\"f6ed177\" data-element_type=\"container\">\n\t\t\t\t<div class=\"elementor-element elementor-element-6a312be elementor-widget elementor-widget-image\" data-id=\"6a312be\" data-element_type=\"widget\" data-widget_type=\"image.default\">\n\t\t\t\t<div class=\"elementor-widget-container\">\n\t\t\t\t\t\t\t\t\t\t\t\t\t\t\t<img loading=\"lazy\" decoding=\"async\" width=\"800\" height=\"450\" src=\"https:\/\/lidag.ivanhiracheta.com\/wp-content\/uploads\/2024\/09\/Parque-Fundidora-en-Monterrey-1024x576.webp\" class=\"attachment-large size-large wp-image-981\" alt=\"\" srcset=\"https:\/\/lidag.ivanhiracheta.com\/wp-content\/uploads\/2024\/09\/Parque-Fundidora-en-Monterrey-1024x576.webp 1024w, https:\/\/lidag.ivanhiracheta.com\/wp-content\/uploads\/2024\/09\/Parque-Fundidora-en-Monterrey-600x338.webp 600w, https:\/\/lidag.ivanhiracheta.com\/wp-content\/uploads\/2024\/09\/Parque-Fundidora-en-Monterrey-300x169.webp 300w, https:\/\/lidag.ivanhiracheta.com\/wp-content\/uploads\/2024\/09\/Parque-Fundidora-en-Monterrey-768x432.webp 768w, https:\/\/lidag.ivanhiracheta.com\/wp-content\/uploads\/2024\/09\/Parque-Fundidora-en-Monterrey-1536x864.webp 1536w, https:\/\/lidag.ivanhiracheta.com\/wp-content\/uploads\/2024\/09\/Parque-Fundidora-en-Monterrey.webp 1920w\" sizes=\"(max-width: 800px) 100vw, 800px\" \/>\t\t\t\t\t\t\t\t\t\t\t\t\t\t\t<\/div>\n\t\t\t\t<\/div>\n\t\t\t\t<div class=\"elementor-element elementor-element-705e45d elementor-widget elementor-widget-heading\" data-id=\"705e45d\" data-element_type=\"widget\" data-widget_type=\"heading.default\">\n\t\t\t\t<div class=\"elementor-widget-container\">\n\t\t\t\t\t<h2 class=\"elementor-heading-title elementor-size-default\">Servicios de jardiner\u00eda<\/h2>\t\t\t\t<\/div>\n\t\t\t\t<\/div>\n\t\t\t\t<div class=\"elementor-element elementor-element-b330c95 elementor-widget elementor-widget-text-editor\" data-id=\"b330c95\" data-element_type=\"widget\" data-widget_type=\"text-editor.default\">\n\t\t\t\t<div class=\"elementor-widget-container\">\n\t\t\t\t\t\t\t\t\t<div class=\"elementor-element elementor-element-615f7ea elementor-widget elementor-widget-text-editor\" data-id=\"615f7ea\" data-element_type=\"widget\" data-widget_type=\"text-editor.default\"><div class=\"elementor-widget-container\"><p>We design and care for gardens with maintenance, automated irrigation and sustainable techniques.<\/p><\/div><\/div>\t\t\t\t\t\t\t\t<\/div>\n\t\t\t\t<\/div>\n\t\t\t\t<div class=\"elementor-element elementor-element-43215ab elementor-align-center elementor-widget elementor-widget-button\" data-id=\"43215ab\" data-element_type=\"widget\" data-widget_type=\"button.default\">\n\t\t\t\t<div class=\"elementor-widget-container\">\n\t\t\t\t\t\t\t\t\t<div class=\"elementor-button-wrapper\">\n\t\t\t\t\t<a class=\"elementor-button elementor-button-link elementor-size-sm\" href=\"https:\/\/lidag.ivanhiracheta.com\/en\/servicios-de-jardineria\/\">\n\t\t\t\t\t\t<span class=\"elementor-button-content-wrapper\">\n\t\t\t\t\t\t\t\t\t<span class=\"elementor-button-text\">See more<\/span>\n\t\t\t\t\t<\/span>\n\t\t\t\t\t<\/a>\n\t\t\t\t<\/div>\n\t\t\t\t\t\t\t\t<\/div>\n\t\t\t\t<\/div>\n\t\t\t\t<\/div>\n\t\t\t\t<\/div>\n\t\t\t\t\t<\/div>\n\t\t\t\t<\/div>\n\t\t\t\t<\/div>","protected":false},"excerpt":{"rendered":"<p>Servicios Nuestros servicios integrales cubren los aspectos m\u00e1s relevantes de la producci\u00f3n agr\u00edcola, a efecto de hacerla m\u00e1s eficiente, redituable y sustentable. Servicios agron\u00f3micos Mejoramos la productividad agr\u00edcola con asesor\u00eda, monitoreo de cultivos y manejo eficiente de suelos y agua. Ver m\u00e1s Nuestro modelo de negocio LIDAG tiene cuatro principales l\u00edneas de negocio, a partir [&hellip;]<\/p>","protected":false},"author":1,"featured_media":0,"parent":0,"menu_order":0,"comment_status":"closed","ping_status":"closed","template":"","meta":{"footnotes":""},"class_list":["post-1492","page","type-page","status-publish","hentry"],"_links":{"self":[{"href":"https:\/\/lidag.ivanhiracheta.com\/en\/wp-json\/wp\/v2\/pages\/1492"}],"collection":[{"href":"https:\/\/lidag.ivanhiracheta.com\/en\/wp-json\/wp\/v2\/pages"}],"about":[{"href":"https:\/\/lidag.ivanhiracheta.com\/en\/wp-json\/wp\/v2\/types\/page"}],"author":[{"embeddable":true,"href":"https:\/\/lidag.ivanhiracheta.com\/en\/wp-json\/wp\/v2\/users\/1"}],"replies":[{"embeddable":true,"href":"https:\/\/lidag.ivanhiracheta.com\/en\/wp-json\/wp\/v2\/comments?post=1492"}],"version-history":[{"count":13,"href":"https:\/\/lidag.ivanhiracheta.com\/en\/wp-json\/wp\/v2\/pages\/1492\/revisions"}],"predecessor-version":[{"id":1519,"href":"https:\/\/lidag.ivanhiracheta.com\/en\/wp-json\/wp\/v2\/pages\/1492\/revisions\/1519"}],"wp:attachment":[{"href":"https:\/\/lidag.ivanhiracheta.com\/en\/wp-json\/wp\/v2\/media?parent=1492"}],"curies":[{"name":"wp","href":"https:\/\/api.w.org\/{rel}","templated":true}]}}